{"id":2615,"date":"2025-08-12T09:05:45","date_gmt":"2025-08-12T09:05:45","guid":{"rendered":"https:\/\/mookanvr.com\/?page_id=2615"},"modified":"2025-08-22T06:41:01","modified_gmt":"2025-08-22T06:41:01","slug":"3d","status":"publish","type":"page","link":"https:\/\/mookanvr.com\/es\/3d\/","title":{"rendered":"3D"},"content":{"rendered":"\n<style type=\"text\/css\" data-created_by=\"avia_inline_auto\" id=\"style-css-av-av_section-58de8a52d507397e29fc4e557e780178\">\n.avia-section.av-av_section-58de8a52d507397e29fc4e557e780178{\nbackground-repeat:no-repeat;\nbackground-image:url(https:\/\/mookanvr.com\/wp-content\/uploads\/2025\/06\/demo.jpg);\nbackground-position:50% 50%;\nbackground-attachment:scroll;\n}\n.avia-section.av-av_section-58de8a52d507397e29fc4e557e780178 .av-section-color-overlay{\nopacity:0.5;\nbackground-color:#000000;\n}\n<\/style>\n<div id='av_section_1'  class='avia-section av-av_section-58de8a52d507397e29fc4e557e780178 main_color avia-section-default avia-no-border-styling  avia-builder-el-0  el_before_av_section  avia-builder-el-first  avia-full-stretch avia-bg-style-scroll av-section-color-overlay-active av-minimum-height av-minimum-height-15vw av-height-percent_width  container_wrap sidebar_right'  data-section-bg-repeat='stretch' data-av_minimum_height_pc='15' data-av_min_height_opt='percent_width'><div class=\"av-section-color-overlay-wrap\"><div class=\"av-section-color-overlay\"><\/div><div class='container av-section-cont-open' ><main  role=\"main\" itemprop=\"mainContentOfPage\"  class='template-page content  av-content-small alpha units'><div class='post-entry post-entry-type-page post-entry-2615'><div class='entry-content-wrapper clearfix'>\n<div  class='flex_column av-av_three_fifth-048119fdb636ea3d70edc0b975509c6c av_three_fifth  avia-builder-el-1  el_before_av_two_fifth  avia-builder-el-first  first flex_column_div  '     ><style type=\"text\/css\" data-created_by=\"avia_inline_auto\" id=\"style-css-av-me8bgbtv-b374881823c8408314465a2c52f0a4fa\">\n#top .av-special-heading.av-me8bgbtv-b374881823c8408314465a2c52f0a4fa{\npadding-bottom:10px;\ncolor:#ffffff;\nfont-size:72px;\n}\nbody .av-special-heading.av-me8bgbtv-b374881823c8408314465a2c52f0a4fa .av-special-heading-tag .heading-char{\nfont-size:25px;\n}\n#top #wrap_all .av-special-heading.av-me8bgbtv-b374881823c8408314465a2c52f0a4fa .av-special-heading-tag{\nfont-size:72px;\n}\n.av-special-heading.av-me8bgbtv-b374881823c8408314465a2c52f0a4fa .special-heading-inner-border{\nborder-color:#ffffff;\n}\n.av-special-heading.av-me8bgbtv-b374881823c8408314465a2c52f0a4fa .av-subheading{\nfont-size:15px;\n}\n\n@media only screen and (min-width: 480px) and (max-width: 767px){ \n#top #wrap_all .av-special-heading.av-me8bgbtv-b374881823c8408314465a2c52f0a4fa .av-special-heading-tag{\nfont-size:0.8em;\n}\n}\n\n@media only screen and (max-width: 479px){ \n#top #wrap_all .av-special-heading.av-me8bgbtv-b374881823c8408314465a2c52f0a4fa .av-special-heading-tag{\nfont-size:0.8em;\n}\n}\n<\/style>\n<div  class='av-special-heading av-me8bgbtv-b374881823c8408314465a2c52f0a4fa av-special-heading-h1 custom-color-heading blockquote modern-quote  avia-builder-el-2  avia-builder-el-no-sibling  av-inherit-size'><h1 class='av-special-heading-tag'  itemprop=\"headline\"  >3D<\/h1><div class=\"special-heading-border\"><div class=\"special-heading-inner-border\"><\/div><\/div><\/div><\/div><div  class='flex_column av-av_two_fifth-feecfcc73494c68bb0d1632d1d5c38ae av_two_fifth  avia-builder-el-3  el_after_av_three_fifth  avia-builder-el-last  flex_column_div  '     ><\/div>\n\n<\/div><\/div><\/main><!-- close content main element --><\/div><\/div><\/div>\n<style type=\"text\/css\" data-created_by=\"avia_inline_auto\" id=\"style-css-av-av_section-66d5b3ed3d7d246ef313882bf2ee7b6d\">\n.avia-section.av-av_section-66d5b3ed3d7d246ef313882bf2ee7b6d{\nbackground-color:#ffffff;\nbackground-image:unset;\n}\n<\/style>\n<div id='av_section_2'  class='avia-section av-av_section-66d5b3ed3d7d246ef313882bf2ee7b6d main_color avia-section-default avia-no-border-styling  avia-builder-el-4  el_after_av_section  el_before_av_section  avia-bg-style-scroll container_wrap sidebar_right'  ><div class='container av-section-cont-open' ><div class='template-page content  av-content-small alpha units'><div class='post-entry post-entry-type-page post-entry-2615'><div class='entry-content-wrapper clearfix'>\n\n\n<\/div><\/div><\/div><!-- close content main div --><\/div><\/div>\n<style type=\"text\/css\" data-created_by=\"avia_inline_auto\" id=\"style-css-av-av_section-95f6742249b3a025890650ba1c064212\">\n.avia-section.av-av_section-95f6742249b3a025890650ba1c064212{\nbackground-repeat:no-repeat;\nbackground-image:url(https:\/\/mookanvr.com\/wp-content\/uploads\/2025\/02\/get-in-touch.jpg);\nbackground-position:50% 50%;\nbackground-attachment:fixed;\n}\n<\/style>\n<div id='av_section_3'  class='avia-section av-av_section-95f6742249b3a025890650ba1c064212 main_color avia-section-large avia-no-border-styling  avia-builder-el-6  el_after_av_section  avia-builder-el-last  avia-full-stretch avia-bg-style-fixed container_wrap sidebar_right'  data-section-bg-repeat='stretch'><div class='container av-section-cont-open' ><div class='template-page content  av-content-small alpha units'><div class='post-entry post-entry-type-page post-entry-2615'><div class='entry-content-wrapper clearfix'>\n<div class='flex_column_table av-av_three_fifth-ecfbcc2aff2896fd63d641be44333a56 sc-av_three_fifth av-equal-height-column-flextable'>\n<style type=\"text\/css\" data-created_by=\"avia_inline_auto\" id=\"style-css-av-av_three_fifth-ecfbcc2aff2896fd63d641be44333a56\">\n.flex_column.av-av_three_fifth-ecfbcc2aff2896fd63d641be44333a56{\nwidth:59.6%;\nmargin-left:0;\nborder-radius:30px 30px 30px 30px;\npadding:3% 3% 3% 3%;\n}\n#top .flex_column_table.av-equal-height-column-flextable.av-av_three_fifth-ecfbcc2aff2896fd63d641be44333a56 .av-flex-placeholder{\nwidth:1%;\n}\n<\/style>\n<div  class='flex_column av-av_three_fifth-ecfbcc2aff2896fd63d641be44333a56 av_three_fifth  avia-builder-el-7  el_before_av_two_fifth  avia-builder-el-first  backblur first flex_column_table_cell av-equal-height-column av-align-middle  '     ><p>\n<style type=\"text\/css\" data-created_by=\"avia_inline_auto\" id=\"style-css-av-memgmo4e-9daf6d41b4c973280aa62cd66aac24fd\">\n#top .av-special-heading.av-memgmo4e-9daf6d41b4c973280aa62cd66aac24fd{\npadding-bottom:10px;\ncolor:#ffffff;\nfont-size:40px;\n}\nbody .av-special-heading.av-memgmo4e-9daf6d41b4c973280aa62cd66aac24fd .av-special-heading-tag .heading-char{\nfont-size:25px;\n}\n#top #wrap_all .av-special-heading.av-memgmo4e-9daf6d41b4c973280aa62cd66aac24fd .av-special-heading-tag{\nfont-size:40px;\n}\n.av-special-heading.av-memgmo4e-9daf6d41b4c973280aa62cd66aac24fd .special-heading-inner-border{\nborder-color:#ffffff;\n}\n.av-special-heading.av-memgmo4e-9daf6d41b4c973280aa62cd66aac24fd .av-subheading{\nfont-size:15px;\n}\n\n@media only screen and (min-width: 480px) and (max-width: 767px){ \n#top #wrap_all .av-special-heading.av-memgmo4e-9daf6d41b4c973280aa62cd66aac24fd .av-special-heading-tag{\nfont-size:0.8em;\n}\n}\n\n@media only screen and (max-width: 479px){ \n#top #wrap_all .av-special-heading.av-memgmo4e-9daf6d41b4c973280aa62cd66aac24fd .av-special-heading-tag{\nfont-size:0.8em;\n}\n}\n<\/style>\n<div  class='av-special-heading av-memgmo4e-9daf6d41b4c973280aa62cd66aac24fd av-special-heading-h2 custom-color-heading blockquote modern-quote  avia-builder-el-8  el_before_av_textblock  avia-builder-el-first  av-inherit-size'><h2 class='av-special-heading-tag'  itemprop=\"headline\"  >Vamos a crear algo incre\u00edble juntos<\/h2><div class=\"special-heading-border\"><div class=\"special-heading-inner-border\"><\/div><\/div><\/div><br \/>\n\n<style type=\"text\/css\" data-created_by=\"avia_inline_auto\" id=\"style-css-av-memgn6cg-9378b95dff1ebfa7845124c87598e7ce\">\n#top .av_textblock_section.av-memgn6cg-9378b95dff1ebfa7845124c87598e7ce .avia_textblock{\nfont-size:20px;\ncolor:#ffffff;\n}\n<\/style>\n<section  class='av_textblock_section av-memgn6cg-9378b95dff1ebfa7845124c87598e7ce '   itemscope=\"itemscope\" itemtype=\"https:\/\/schema.org\/CreativeWork\" ><div class='avia_textblock av_inherit_color'  itemprop=\"text\" ><p style=\"text-align: left;\">\u00bfListo para elevar tus proyectos con 3D en tiempo real y Realidad Virtual? Contacta a MO\u00d8KAN hoy y descubre c\u00f3mo nuestras soluciones innovadoras pueden transformar tu visi\u00f3n en realidad.<\/p>\n<\/div><\/section><br \/>\n<div  class='avia-button-wrap av-memgoozu-9cc94c48776d83a35fb66ad989f2790d-wrap avia-button-left  avia-builder-el-10  el_after_av_textblock  avia-builder-el-last '>\n<style type=\"text\/css\" data-created_by=\"avia_inline_auto\" id=\"style-css-av-memgoozu-9cc94c48776d83a35fb66ad989f2790d\">\n#top #wrap_all .avia-button.av-memgoozu-9cc94c48776d83a35fb66ad989f2790d{\nfont-size:16px;\nborder-style:solid;\nborder-width:2px 2px 2px 2px;\nborder-radius:10px 10px 10px 10px;\ntransition:all 0.4s ease-in-out;\n}\n#top #wrap_all .avia-button.av-memgoozu-9cc94c48776d83a35fb66ad989f2790d:hover{\nbackground-color:#ffffff;\ncolor:black;\ntransition:all 0.4s ease-in-out;\n}\n#top #wrap_all.avia-button.av-memgoozu-9cc94c48776d83a35fb66ad989f2790d:hover .avia_button_background{\nborder-radius:10px 10px 10px 10px;\n}\n<\/style>\n<a href='https:\/\/mookanvr.com\/es\/contactenos\/'  class='avia-button av-memgoozu-9cc94c48776d83a35fb66ad989f2790d av-link-btn avia-icon_select-no avia-size-large avia-position-left avia-color-light avia-font-color-theme-color'  ><span class='avia_iconbox_title' >Solicitar una consulta gratuita<\/span><\/a><\/div><\/p><\/div><div class='av-flex-placeholder'><\/div>\n<style type=\"text\/css\" data-created_by=\"avia_inline_auto\" id=\"style-css-av-av_two_fifth-feecfcc73494c68bb0d1632d1d5c38ae\">\n.flex_column.av-av_two_fifth-feecfcc73494c68bb0d1632d1d5c38ae{\nwidth:39.4%;\nmargin-left:0;\n}\n#top .flex_column_table.av-equal-height-column-flextable.av-av_two_fifth-feecfcc73494c68bb0d1632d1d5c38ae .av-flex-placeholder{\nwidth:1%;\n}\n<\/style>\n<div  class='flex_column av-av_two_fifth-feecfcc73494c68bb0d1632d1d5c38ae av_two_fifth  avia-builder-el-11  el_after_av_three_fifth  avia-builder-el-last  flex_column_table_cell av-equal-height-column av-align-middle  '     ><\/div><\/div><!--close column table wrapper. Autoclose: 1 --><\/div><\/div><\/div><!-- close content main div --><\/div><\/div><div id='after_section_3'  class='main_color av_default_container_wrap container_wrap sidebar_right'  ><div class='container av-section-cont-open' ><div class='template-page content  av-content-small alpha units'><div class='post-entry post-entry-type-page post-entry-2615'><div class='entry-content-wrapper clearfix'>\n","protected":false},"excerpt":{"rendered":"","protected":false},"author":2,"featured_media":0,"parent":0,"menu_order":0,"comment_status":"closed","ping_status":"closed","template":"","meta":{"footnotes":""},"class_list":["post-2615","page","type-page","status-publish","hentry"],"aioseo_notices":[],"_links":{"self":[{"href":"https:\/\/mookanvr.com\/es\/wp-json\/wp\/v2\/pages\/2615","targetHints":{"allow":["GET"]}}],"collection":[{"href":"https:\/\/mookanvr.com\/es\/wp-json\/wp\/v2\/pages"}],"about":[{"href":"https:\/\/mookanvr.com\/es\/wp-json\/wp\/v2\/types\/page"}],"author":[{"embeddable":true,"href":"https:\/\/mookanvr.com\/es\/wp-json\/wp\/v2\/users\/2"}],"replies":[{"embeddable":true,"href":"https:\/\/mookanvr.com\/es\/wp-json\/wp\/v2\/comments?post=2615"}],"version-history":[{"count":2,"href":"https:\/\/mookanvr.com\/es\/wp-json\/wp\/v2\/pages\/2615\/revisions"}],"predecessor-version":[{"id":2618,"href":"https:\/\/mookanvr.com\/es\/wp-json\/wp\/v2\/pages\/2615\/revisions\/2618"}],"wp:attachment":[{"href":"https:\/\/mookanvr.com\/es\/wp-json\/wp\/v2\/media?parent=2615"}],"curies":[{"name":"wp","href":"https:\/\/api.w.org\/{rel}","templated":true}]}}